{"id":11853,"date":"2016-11-28T15:20:01","date_gmt":"2016-11-28T14:20:01","guid":{"rendered":"http:\/\/www.elektroebner.com\/it\/?page_id=11853"},"modified":"2017-01-12T11:27:52","modified_gmt":"2017-01-12T10:27:52","slug":"servizi","status":"publish","type":"page","link":"https:\/\/www.elektroebner.com\/it\/servizi\/","title":{"rendered":"Servizi"},"content":{"rendered":"<div class=\"fusion-fullwidth fullwidth-box fusion-builder-row-1 nonhundred-percent-fullwidth non-hundred-percent-height-scrolling\" style=\"--awb-background-position:left top;--awb-border-color:#eaeaea;--awb-border-radius-top-left:0px;--awb-border-radius-top-right:0px;--awb-border-radius-bottom-right:0px;--awb-border-radius-bottom-left:0px;--awb-padding-top:30px;--awb-padding-bottom:40px;--awb-border-sizes-top:0px;--awb-border-sizes-bottom:0px;--awb-flex-wrap:wrap;\" ><div class=\"fusion-builder-row fusion-row\"><div class=\"fusion-layout-column fusion_builder_column fusion-builder-column-0 fusion_builder_column_1_1 1_1 fusion-one-full fusion-column-first fusion-column-last\" style=\"--awb-padding-top:40px;--awb-padding-right:40px;--awb-padding-bottom:40px;--awb-padding-left:40px;--awb-bg-color:#c3eab2;--awb-bg-color-hover:#c3eab2;--awb-bg-size:cover;\"><div class=\"fusion-column-wrapper fusion-flex-column-wrapper-legacy\"><div class=\"fusion-text fusion-text-1\"><h1 style=\"margin-top: 0px;\">Impianti elettrici e di illuminazione nel civile ed industriale<\/h1>\n<\/div><div class=\"fusion-clearfix\"><\/div><\/div><\/div><div class=\"fusion-layout-column fusion_builder_column fusion-builder-column-1 fusion_builder_column_1_2 1_2 fusion-one-half fusion-column-first\" style=\"--awb-padding-top:40px;--awb-padding-right:40px;--awb-padding-bottom:40px;--awb-padding-left:40px;--awb-bg-color:#afd693;--awb-bg-color-hover:#afd693;--awb-bg-size:cover;width:48%; margin-right: 4%;\"><div class=\"fusion-column-wrapper fusion-flex-column-wrapper-legacy\"><div class=\"fusion-text fusion-text-2\"><h1 style=\"margin-top: 0px;\">Domotica, KNX, Visualizzazioni<\/h1>\n<\/div><div class=\"fusion-text fusion-text-3\"><h2>Smart Home \u2013 Come rendere la propria casa intelligente<\/h2>\n<p>Le tecnologie finalizzate all\u2019automatizzazione della casa trovano molteplici applicazioni: dal semplice controllo dell\u2019illuminazione o del riscaldamento, che porta maggior comfort e risparmio energetico \u2013 fino a complessi sistemi di controllo centralizzato della casa con maggiori possibilit\u00e0 di programmazione, addirittura da ogni luogo con uno smartphone e collegamento internet.<\/p>\n<\/div><div class=\"fusion-clearfix\"><\/div><\/div><\/div><div class=\"fusion-layout-column fusion_builder_column fusion-builder-column-2 fusion_builder_column_1_2 1_2 fusion-one-half fusion-column-last\" style=\"--awb-padding-top:40px;--awb-padding-right:40px;--awb-padding-bottom:40px;--awb-padding-left:40px;--awb-bg-color:#afd693;--awb-bg-color-hover:#afd693;--awb-bg-size:cover;width:48%;\"><div class=\"fusion-column-wrapper fusion-flex-column-wrapper-legacy\"><div class=\"fusion-text fusion-text-4\"><h1 style=\"margin-top: 0px;\">Impianti fotovoltaici, accumulo, impianti in isola<\/h1>\n<\/div><div class=\"fusion-text fusion-text-5\"><p>Gli impianti fotovoltaici producono energia pulita. La luce solare viene trasformata in corrente continua tramite il fenomeno fisico chiamato effetto fotoelettrico. Nel caso di impianti collegati alla rete elettrica, l\u2019energia prodotta viene immessa nella rete pubblica.<\/p>\n<h2>Sistemi di accumulo<\/h2>\n<p>Chi gi\u00e0 ha installato o prevede di installare un impianto fotovoltaico dovrebbe puntare ad un alto consumo personale. Il motivo per questa considerazione \u00e8 molto semplice: il risparmio che si ottiene per ogni Kilowattora non fornito da un gestore \u00e8 molto superiore rispetto al compenso ottenuto per l\u2019immissione nella rete pubblica di ogni Kilowattora. Per vecchi impianti forse questo discorso po&#8217; essere diverso se si usufruisce ancora degli incentivi concessi al momento dell\u2019installazione. Tuttavia la politica \u00e8 ora orientata a favorire un consumo personale dell\u2019energia prodotta. Un indicatore in questo senso \u00e8 il sostegno che si ottiene per impianti di accumulo per l\u2019aumento del consumo personale.<br \/>\nNon esitate a contattarci. Siamo lieti di aiutare e consigliare.<\/p>\n<\/div><div class=\"fusion-clearfix\"><\/div><\/div><\/div><div class=\"fusion-layout-column fusion_builder_column fusion-builder-column-3 fusion_builder_column_3_5 3_5 fusion-three-fifth fusion-column-first\" style=\"--awb-padding-top:40px;--awb-padding-right:40px;--awb-padding-bottom:40px;--awb-padding-left:40px;--awb-bg-color:#c3eab2;--awb-bg-color-hover:#c3eab2;--awb-bg-size:cover;width:58.4%; margin-right: 4%;\"><div class=\"fusion-column-wrapper fusion-flex-column-wrapper-legacy\"><div class=\"fusion-text fusion-text-6\"><h1 style=\"margin-top: 0px;\">Impianti di rivelazione incendio<\/h1>\n<\/div><div class=\"fusion-text fusion-text-7\"><p>La tematica delle regole antincendio nel settore aziendale \u00e8 molto complessa e spesso decisamente difficile da interpretare. Specialmente ad un primo confronto con questa tematica sorgono diverse domande. Gli impianti antincendio sono sistemi complessi ed essenziali per la sicurezza degli edifici\/fabbricati.<\/p>\n<h2>Senza scampo<\/h2>\n<p>\u201eIn caso di incendio ho tempo a sufficienza per fuggire!\u201d NIENTE DI PI\u00d9 SBAGLIATO. La maggior parte delle vittime di un incendio soffocano a causa del fumo che pu\u00f2 sorprenderci anche nel sonno.<br \/>\nUn rischio che di certo non volete far correre alla vostra famiglia! Attraverso l\u2019installazione di rilevatori di fumo, facilmente eseguibile anche in un secondo momento, avrete la possibilit\u00e0 di azzerare questo rischio e passare serene notti.<br \/>\nCircuiti elettrici sovraccarichi sono tra le prime cause d\u2019incendio tra le mura domestiche.<\/p>\n<p>Gli impianti elettrici tradizionali non riescono a sostenere tutti gli elettrodomestici accesi, funzionanti e collegati alla stessa presa.<\/p>\n<p>In questi casi, \u201csalta la sicura\u201d ma se gli impianti non sono correttamente tarati e dimensionati si pu\u00f2 arrivare ad un surriscaldamento delle linee elettriche e dei cavi con successivo principio di incendio.<\/p>\n<\/div><div class=\"fusion-clearfix\"><\/div><\/div><\/div><div class=\"fusion-layout-column fusion_builder_column fusion-builder-column-4 fusion_builder_column_2_5 2_5 fusion-two-fifth fusion-column-last\" style=\"--awb-padding-top:40px;--awb-padding-right:40px;--awb-padding-bottom:40px;--awb-padding-left:40px;--awb-bg-color:#c3eab2;--awb-bg-color-hover:#c3eab2;--awb-bg-size:cover;width:37.6%;\"><div class=\"fusion-column-wrapper fusion-flex-column-wrapper-legacy\"><div class=\"fusion-text fusion-text-8\"><h1 style=\"margin-top: 0px;\">Antennistica satellitare e terrestre<\/h1>\n<\/div><div class=\"fusion-text fusion-text-9\"><p>Progettiamo e realizziamo impianti di qualsiasi dimensione per la ricezione satellitare e terrestre in condomini e case di propriet\u00e0.<br \/>\nI nostri tecnici specializzati installano, riparano ed eseguono la manutenzione di ogni impianto satellitare.<br \/>\nPer far fronte alle esigenze e desideri di tutti i membri della famiglia si ha spesso la necessit\u00e0 di avere in varie stanze pi\u00f9 prese agli impianti. Il nostro personale sapr\u00e0 consigliare la soluzione personalizzata che fa al caso suo.<\/p>\n<\/div><div class=\"fusion-clearfix\"><\/div><\/div><\/div><div class=\"fusion-layout-column fusion_builder_column fusion-builder-column-5 fusion_builder_column_2_5 2_5 fusion-two-fifth fusion-column-first\" style=\"--awb-padding-top:40px;--awb-padding-right:40px;--awb-padding-bottom:40px;--awb-padding-left:40px;--awb-bg-color:#afd693;--awb-bg-color-hover:#afd693;--awb-bg-size:cover;width:37.6%; margin-right: 4%;\"><div class=\"fusion-column-wrapper fusion-flex-column-wrapper-legacy\"><div class=\"fusion-text fusion-text-10\"><h1>Impianti di condizionamento<\/h1>\n<\/div><div class=\"fusion-text fusion-text-11\"><p>Bastano poche giornate in cui il termometro raggiunga una temperatura sopra i 30 gradi e all\u2019interno dei locali si insedia un caldo opprimente. Nei sottotetti e in case non adeguatamente isolate gli inquilini soffrono particolarmente il calore torrido delle estati. Quando anche le serate non portano rinfresco ed arieggiare gli ambienti \u00e8 inutile, l\u2019unico desiderio \u00e8 un impianto di condizionamento ma qual\u2019\u00e8 la soluzione pi\u00f9 opportuna?<br \/>\nNon esitate a contattarci<\/p>\n<\/div><div class=\"fusion-clearfix\"><\/div><\/div><\/div><div class=\"fusion-layout-column fusion_builder_column fusion-builder-column-6 fusion_builder_column_3_5 3_5 fusion-three-fifth fusion-column-last\" style=\"--awb-padding-top:40px;--awb-padding-right:40px;--awb-padding-bottom:40px;--awb-padding-left:40px;--awb-bg-color:#afd693;--awb-bg-color-hover:#afd693;--awb-bg-size:cover;width:58.4%;\"><div class=\"fusion-column-wrapper fusion-flex-column-wrapper-legacy\"><div class=\"fusion-text fusion-text-12\"><h1>Impianti d&#8217;allarme<\/h1>\n<\/div><div class=\"fusion-text fusion-text-13\"><h2>Sicurezza in casa<\/h2>\n<p>Vi sentite sicuri tra le mura domestiche?<br \/>\nAnche i rilevatori di movimento sono molto efficaci.<br \/>\nL\u2018accensione di luci esterne al rilevamento di movimento sulla propriet\u00e0 privata \u00e8 un automatismo che garantisce comodit\u00e0, sicurezza e risparmio energetico in un\u2018unica soluzione. La moltitudine di accessori e possibilit\u00e0 di applicazione in questo campo fanno dei rilevatori di movimento una delle soluzioni pi\u00f9 convenienti nel settore della sicurezza.<br \/>\nI rilevatori trovano ottima applicazione anche negli ambienti interni: l\u2019accensione automatica di luci al passaggio in corridoio oppure prima di salire\/scendere le scale sono una comodit\u00e0 che diminuisce anche il rischio di incidenti domestici.<\/p>\n<h2>Non provarci ! \u2013 Sistemi d\u2018allarme<\/h2>\n<p>Gli scassi e i furti in casa sono purtroppo un fenomeno molto diffuso nelle zone abitative\/residenziali, e nei complessi commerciali. L\u2018esperienza insegna che, insieme a opportuni provvedimenti di barriere fisiche, anche gli impianti d\u2019allarme sono un ottimo deterrente contro i ladri.<br \/>\nLa vostra scelta pu\u00f2 ricadere su sistemi di contatto magnetico, sensori di rottura vetri, rilevatori di movimento con sirena o sistemi telefonici di chiamata automatica alle forze dell\u2018ordine \u2013 Le soluzioni pi\u00f9 moderne di nuova generazioni garantiscono sicurezza e sono sempre un passa avanti anche ai malintenzionati pi\u00f9 astuti.<\/p>\n<h2>C\u2018\u00e8 qualcuno in casa ? \u2013 Simulatore di presenza<\/h2>\n<p>Abbassamento e apertura dei sistemi oscuranti a rullo&#8230;accensione di luci all\u2019imbrunire&#8230;chi pu\u00f2 pensare che in casa non ci sia nessuno? Grazie al simulatore di presenza il malintenzionato rimane spiazzato. Viva la sicurezza!<\/p>\n<\/div><div class=\"fusion-clearfix\"><\/div><\/div><\/div><div class=\"fusion-layout-column fusion_builder_column fusion-builder-column-7 fusion_builder_column_1_2 1_2 fusion-one-half fusion-column-first\" style=\"--awb-padding-top:40px;--awb-padding-right:40px;--awb-padding-bottom:40px;--awb-padding-left:40px;--awb-bg-color:#c3eab2;--awb-bg-color-hover:#c3eab2;--awb-bg-size:cover;width:48%; margin-right: 4%;\"><div class=\"fusion-column-wrapper fusion-flex-column-wrapper-legacy\"><div class=\"fusion-text fusion-text-14\"><h1 style=\"margin-top: 0px;\">Impianti di telecomunicazione<\/h1>\n<\/div><div class=\"fusion-text fusion-text-15\"><p>Insieme ai nostri partner del settore offriamo soluzioni complete per imprese e privati.<\/p>\n<p>Soddisfiamo piccole e grandi esigenze e proponiamo sistemi completamente personalizzati.<\/p>\n<p>Per impianti di telecomunicazione si intendono: reti dati e collegamenti internet, impianti telefonici e fax, linee isdn e molti altri. Per far fronte alle richieste dei nostri tempi e necessario progettare preventivamente nelle abitazioni sufficienti allacciamenti per il traffico dati e reti interne (RJ45).<\/p>\n<p>I tubi e canaline per elettroinstallazioni si propagano dai nodi di accesso degli edifici alle singole prese di collegamento nei locali. In queste canalette vengono inseriti i cavi per il cablaggio e traffico dati (categoria 5 o superiore).<\/p>\n<p>Per il collegamento alla rete si deve prevedere almeno una presa in ogni stanza: soggiorno, camere da letto, cucina, sala da pranzo, bagni, ufficio, ripostigli, stanze per hobby&#8230;<\/p>\n<\/div><div class=\"fusion-clearfix\"><\/div><\/div><\/div><div class=\"fusion-layout-column fusion_builder_column fusion-builder-column-8 fusion_builder_column_1_2 1_2 fusion-one-half fusion-column-last\" style=\"--awb-padding-top:40px;--awb-padding-right:40px;--awb-padding-bottom:40px;--awb-padding-left:40px;--awb-bg-color:#c3eab2;--awb-bg-color-hover:#c3eab2;--awb-bg-size:cover;width:48%;\"><div class=\"fusion-column-wrapper fusion-flex-column-wrapper-legacy\"><div class=\"fusion-text fusion-text-16\"><h1 style=\"margin-top: 0px;\">Impianti aspirapolvere centralizzati<\/h1>\n<\/div><div class=\"fusion-text fusion-text-17\"><h2>Silenziosi<\/h2>\n<p>L\u2018unit\u00e0 aspiratrice \u00e8 installata all\u2018esterno del locale abitativo, pertanto si udir\u00e0 solo un lieve rumore.<\/p>\n<h2>Pulizia e igiene<\/h2>\n<p>Polvere, sporco, acari o pollini vengono aspirati fuori dai locali senza praticamente lasciareesidui.<\/p>\n<h2>Prestazioni superiori<\/h2>\n<p>La maggior parte degli impianti centralizzati hanno un motore di aspirazione molto potente di ca. 1400 W e di lunga durata.<\/p>\n<h2>Comodi, semplici e veloci<\/h2>\n<p>Aspirare la polvere con un impianto centralizzato \u00e8 un\u2018azione molto pi\u00f9 comoda ed immediata. Per l\u2019operazione si usa solamente il tubo di aspirazione e non sar\u00e0 pi\u00f9 necessario maneggiare pesanti e scomodi aspirapolvere tradizionali.<\/p>\n<h2>Risparmio<\/h2>\n<p>Il sistema centralizzato ha un consumo energetico complessivo inferiore rispetto all\u2018aspirapolvere tradizionale. Inoltre non sar\u00e0 pi\u00f9 necessario acquistare sacchi e filtri di ricambio.<\/p>\n<\/div><div class=\"fusion-clearfix\"><\/div><\/div><\/div><div class=\"fusion-layout-column fusion_builder_column fusion-builder-column-9 fusion_builder_column_4_5 4_5 fusion-four-fifth fusion-column-first\" style=\"--awb-padding-top:40px;--awb-padding-right:40px;--awb-padding-bottom:40px;--awb-padding-left:40px;--awb-bg-color:#afd693;--awb-bg-color-hover:#afd693;--awb-bg-size:cover;width:79.2%; margin-right: 4%;\"><div class=\"fusion-column-wrapper fusion-flex-column-wrapper-legacy\"><div class=\"fusion-text fusion-text-18\"><h1 style=\"margin-top: 0px;\">Assistenza tecnica e riparazioni<\/h1>\n<\/div><div class=\"fusion-clearfix\"><\/div><\/div><\/div><\/div><\/div>\n","protected":false},"excerpt":{"rendered":"","protected":false},"author":1,"featured_media":0,"parent":0,"menu_order":0,"comment_status":"closed","ping_status":"closed","template":"100-width.php","meta":{"footnotes":""},"class_list":["post-11853","page","type-page","status-publish","hentry"],"_links":{"self":[{"href":"https:\/\/www.elektroebner.com\/it\/wp-json\/wp\/v2\/pages\/11853","targetHints":{"allow":["GET"]}}],"collection":[{"href":"https:\/\/www.elektroebner.com\/it\/wp-json\/wp\/v2\/pages"}],"about":[{"href":"https:\/\/www.elektroebner.com\/it\/wp-json\/wp\/v2\/types\/page"}],"author":[{"embeddable":true,"href":"https:\/\/www.elektroebner.com\/it\/wp-json\/wp\/v2\/users\/1"}],"replies":[{"embeddable":true,"href":"https:\/\/www.elektroebner.com\/it\/wp-json\/wp\/v2\/comments?post=11853"}],"version-history":[{"count":12,"href":"https:\/\/www.elektroebner.com\/it\/wp-json\/wp\/v2\/pages\/11853\/revisions"}],"predecessor-version":[{"id":11998,"href":"https:\/\/www.elektroebner.com\/it\/wp-json\/wp\/v2\/pages\/11853\/revisions\/11998"}],"wp:attachment":[{"href":"https:\/\/www.elektroebner.com\/it\/wp-json\/wp\/v2\/media?parent=11853"}],"curies":[{"name":"wp","href":"https:\/\/api.w.org\/{rel}","templated":true}]}}