{"id":11951,"date":"2016-12-30T12:08:57","date_gmt":"2016-12-30T11:08:57","guid":{"rendered":"http:\/\/www.elektroebner.com\/?page_id=11951\/"},"modified":"2024-01-25T10:40:43","modified_gmt":"2024-01-25T09:40:43","slug":"privacy-credits-impressum","status":"publish","type":"page","link":"https:\/\/www.elektroebner.com\/it\/privacy-credits-impressum\/","title":{"rendered":"Privacy \/ Credits \/ Impressum"},"content":{"rendered":"<p><div class=\"fusion-fullwidth fullwidth-box fusion-builder-row-1 nonhundred-percent-fullwidth non-hundred-percent-height-scrolling\" style=\"--awb-background-position:left top;--awb-border-sizes-top:0px;--awb-border-sizes-bottom:0px;--awb-border-sizes-left:0px;--awb-border-sizes-right:0px;--awb-border-radius-top-left:0px;--awb-border-radius-top-right:0px;--awb-border-radius-bottom-right:0px;--awb-border-radius-bottom-left:0px;--awb-padding-top:20px;--awb-padding-bottom:20px;--awb-flex-wrap:wrap;\" ><div class=\"fusion-builder-row fusion-row\"><div class=\"fusion-layout-column fusion_builder_column fusion-builder-column-0 fusion_builder_column_1_2 1_2 fusion-one-half fusion-column-first\" style=\"--awb-bg-size:cover;width:48%; margin-right: 4%;\"><div class=\"fusion-column-wrapper fusion-flex-column-wrapper-legacy\"><div class=\"fusion-text fusion-text-1\"><p><strong>TITOLARE DEL TRATTAMENTO DEI DATI<\/strong><\/p>\n<p>Thaler Andreas \/ Michael Haas<br \/>\nHandwerkerzone 4<br \/>\n39040 Aldino (BZ)<br \/>\nP.IVA\/MwSt. Nr. IT03219380213<\/p>\n<\/div><div class=\"fusion-clearfix\"><\/div><\/div><\/div><div class=\"fusion-layout-column fusion_builder_column fusion-builder-column-1 fusion_builder_column_1_2 1_2 fusion-one-half fusion-column-last\" style=\"--awb-bg-size:cover;width:48%;\"><div class=\"fusion-column-wrapper fusion-flex-column-wrapper-legacy\"><div class=\"fusion-text fusion-text-2\"><p style=\"text-align: right;\"><strong>Copyright<\/strong> <strong>Foto\/Immagini<\/strong><\/p>\n<p style=\"text-align: right;\"><em>Elektro Ebner GmbH\/Srl<\/em><\/p>\n<p><em>\u00a0<\/em><\/p>\n<\/div><div class=\"fusion-clearfix\"><\/div><\/div><\/div><\/div><\/div><div class=\"fusion-fullwidth fullwidth-box fusion-builder-row-2 nonhundred-percent-fullwidth non-hundred-percent-height-scrolling\" style=\"--awb-background-position:left top;--awb-border-sizes-top:0px;--awb-border-sizes-bottom:0px;--awb-border-sizes-left:0px;--awb-border-sizes-right:0px;--awb-border-radius-top-left:0px;--awb-border-radius-top-right:0px;--awb-border-radius-bottom-right:0px;--awb-border-radius-bottom-left:0px;--awb-padding-top:20px;--awb-padding-bottom:20px;--awb-flex-wrap:wrap;\" ><div class=\"fusion-builder-row fusion-row\"><div class=\"fusion-layout-column fusion_builder_column fusion-builder-column-2 fusion_builder_column_2_3 2_3 fusion-two-third fusion-column-first\" style=\"--awb-bg-size:cover;width:65.3333%; margin-right: 4%;\"><div class=\"fusion-column-wrapper fusion-flex-column-wrapper-legacy\"><div class=\"fusion-text fusion-text-3\"><p><strong>PRIVACY POLICY DEL SITO www.elektroebner.com<\/strong><\/p>\n<p>Elektro Ebner\u00a0 Srl illustra, nella presente pagina, come tratta i dati degli utenti che visitano il suo sito e come agiscono i cookie che vengono installati dal sito stesso.<\/p>\n<p>La presente Privacy Policy \u00e8 resa nel rispetto dell\u2019articolo 13 del GDPR 2016\/679 (General Data Protection Regulation, Regolamento europeo in materia di protezione dei dati personali), della Raccomandazione n. 2\/2001 del Gruppo di lavoro ex art. 29 e del Provvedimento generale del Garante Privacy in materia di cookie dell\u20198 maggio 2014, n. 229.<\/p>\n<p>Quanto segue si applica unicamente al sito www.elektroebner.com; il Titolare del trattamento non \u00e8 responsabile dei dati inseriti e dei cookie installati da parte di altri siti eventualmente consultati tramite link.<\/p>\n<p>Finalit\u00e0 del trattamento e obbligatoriet\u00e0 del conferimento<\/p>\n<p>Elektro Ebner\u00a0 Srl \u00a0tratta i dati che l\u2019utente inserisce spontaneamente attraverso i form presenti nel sito (Contatti, Richiesta preventivo, Contatto rapido, Lavora con noi, iscrizione alla newsletter, registrazione all\u2019area riservata etc.) unicamente per rispondere alla Sua richiesta. Eventuali ulteriori finalit\u00e0 (a titolo esemplificativo e non esaustivo finalit\u00e0 di marketing o comunicazione dei Suoi dati a societ\u00e0 con cui abbiamo una partnership per finalit\u00e0 di marketing loro proprie) saranno oggetto di esplicita e motivata richiesta e di un Suo consenso specifico, facoltativo e separato rispetto a quello richiesto per rispondere alle Sue domande.<\/p>\n<p>Il conferimento dei dati e il consenso al trattamento sono necessari per dare seguito alle Sue richieste; il consenso al trattamento per le ulteriori finalit\u00e0 \u00e8 facoltativo.<\/p>\n<p>Per i dati acquisiti dal nostro sito mediante l\u2019installazione dei cookie si rimanda invece alla specifica sezione (\u201cI cookie del nostro sito\u201d).<\/p>\n<p>Modalit\u00e0 di trattamento, processi decisionali automatizzati e tempi di conservazione dei dati.<\/p>\n<p>Il trattamento dei Suoi dati si svolge in modalit\u00e0 informatiche, seppur non si escludono potenziali trattamenti in modalit\u00e0 cartacea. Non vengono utilizzati processi decisionali automatizzati per trattare i Suoi dati personali.<\/p>\n<p>I dati personali che La riguardano, raccolti attraverso i form del nostro sito, verranno conservati per il tempo necessario a dare riscontro alle Sue richieste. Laddove sussistesse una normativa ulteriore ad imporre un tempo di conservazione pi\u00f9 lungo, tale normativa verr\u00e0 da noi rispettata. I dati raccolti attraverso i cookie verranno conservati per il periodo di tempo stabilito dal singolo cookie.<\/p>\n<p>Comunicazione, diffusione e trasferimento dei dati a Paesi terzi od organizzazioni internazionali<\/p>\n<p>I suoi dati non saranno comunicati n\u00e9 diffusi, senza il suo Specifico e facoltativo consenso, a soggetti terzi rispetto a Elektro Ebner\u00a0 Srl . I dati da Lei comunicati non saranno da noi trasferiti verso Paesi terzi o organizzazioni internazionali extra UE.<\/p>\n<p>Diritti dell\u2019interessato e reclamo al Garante Privacy.<\/p>\n<p>Lei ha diritto di richiederci in qualsiasi momento l\u2019accesso ai dati che La riguardano, la loro modifica, integrazione o cancellazione, la limitazione o l\u2019opposizione al loro trattamento, laddove vi siano motivi legittimi, nonch\u00e9 la portabilit\u00e0 dei suddetti dati presso un altro Titolare del trattamento. Le forniremo risposta in forma scritta entro 30 giorni. Potr\u00e0 revocare, in qualsiasi momento, i consensi prestati sul presente sito, contattando uno dei recapiti indicati nel paragrafo \u201cInformazioni sul Titolare del trattamento e sull\u2019eventuale Responsabile della protezione dei dati\u201d. Le \u00e8 possibile inoltre proporre reclamo all\u2019Autorit\u00e0 di controllo nazionale, laddove reputi che i Suoi dati siano stati trattati illegittimamente.<\/p>\n<\/div><div class=\"fusion-clearfix\"><\/div><\/div><\/div><\/div><\/div><\/p>\n","protected":false},"excerpt":{"rendered":"","protected":false},"author":1,"featured_media":0,"parent":0,"menu_order":0,"comment_status":"closed","ping_status":"closed","template":"","meta":{"footnotes":""},"class_list":["post-11951","page","type-page","status-publish","hentry"],"_links":{"self":[{"href":"https:\/\/www.elektroebner.com\/it\/wp-json\/wp\/v2\/pages\/11951","targetHints":{"allow":["GET"]}}],"collection":[{"href":"https:\/\/www.elektroebner.com\/it\/wp-json\/wp\/v2\/pages"}],"about":[{"href":"https:\/\/www.elektroebner.com\/it\/wp-json\/wp\/v2\/types\/page"}],"author":[{"embeddable":true,"href":"https:\/\/www.elektroebner.com\/it\/wp-json\/wp\/v2\/users\/1"}],"replies":[{"embeddable":true,"href":"https:\/\/www.elektroebner.com\/it\/wp-json\/wp\/v2\/comments?post=11951"}],"version-history":[{"count":12,"href":"https:\/\/www.elektroebner.com\/it\/wp-json\/wp\/v2\/pages\/11951\/revisions"}],"predecessor-version":[{"id":12163,"href":"https:\/\/www.elektroebner.com\/it\/wp-json\/wp\/v2\/pages\/11951\/revisions\/12163"}],"wp:attachment":[{"href":"https:\/\/www.elektroebner.com\/it\/wp-json\/wp\/v2\/media?parent=11951"}],"curies":[{"name":"wp","href":"https:\/\/api.w.org\/{rel}","templated":true}]}}